{"id":7662,"date":"2018-09-12T23:43:58","date_gmt":"2018-09-12T23:43:58","guid":{"rendered":"http:\/\/www.ikkwit.com\/?page_id=7662"},"modified":"2018-09-12T23:43:58","modified_gmt":"2018-09-12T23:43:58","slug":"solution","status":"publish","type":"page","link":"https:\/\/www.ikkwit.com\/en\/solution\/","title":{"rendered":"Solution"},"content":{"rendered":"[vc_row type=&#8221;full_width_content&#8221; full_screen_row_position=&#8221;middle&#8221; equal_height=&#8221;yes&#8221; content_placement=&#8221;middle&#8221; bg_color=&#8221;#ffffff&#8221; scene_position=&#8221;center&#8221; text_color=&#8221;dark&#8221; text_align=&#8221;left&#8221; overlay_strength=&#8221;0.3&#8243; shape_divider_position=&#8221;bottom&#8221;][vc_column column_padding=&#8221;padding-5-percent&#8221; column_padding_position=&#8221;all&#8221; background_color=&#8221;#f4f4f4&#8243; background_color_opacity=&#8221;1&#8243; background_hover_color_opacity=&#8221;1&#8243; column_shadow=&#8221;none&#8221; column_border_radius=&#8221;none&#8221; width=&#8221;1\/2&#8243; tablet_text_alignment=&#8221;default&#8221; phone_text_alignment=&#8221;default&#8221; column_border_width=&#8221;none&#8221; column_border_style=&#8221;solid&#8221;][vc_row_inner column_margin=&#8221;default&#8221; text_align=&#8221;left&#8221;][vc_column_inner enable_animation=&#8221;true&#8221; animation=&#8221;fade-in-from-bottom&#8221; column_padding=&#8221;no-extra-padding&#8221; column_padding_position=&#8221;all&#8221; background_color_opacity=&#8221;1&#8243; background_hover_color_opacity=&#8221;1&#8243; column_shadow=&#8221;none&#8221; column_border_radius=&#8221;none&#8221; width=&#8221;1\/1&#8243; column_border_width=&#8221;none&#8221; column_border_style=&#8221;solid&#8221;][vc_column_text]&#8221; &#8230;.la ville est encombr\u00e9e de milliards de m\u00e9gots. &#8221;<br \/>\nG\u00e9rald Tremblay, Maire de Montr\u00e9al<br \/>\n\u00ab &#8230; la ville est encombr\u00e9e de milliards de m\u00e9gots. \u00bb<br \/>\nG\u00e9rald Tremblay, maire de Montr\u00e9al<\/p>\n<p>Trop souvent, on remarque des cendriers ext\u00e9rieurs laids et naus\u00e9abonds aux abords des lieux publics. J\u2019ai pens\u00e9 qu\u2019un peu de style et d\u2019esth\u00e9tique am\u00e9liorerait cette situation et embellirait notre environnement. Partout, sans exception, les gens devraient disposer d\u2019emplacements pour les inciter \u00e0 conserver leur environnement propre et sans odeur.<\/p>\n<p>Le cendrier urbain I KkwitMC, d\u2019un style tr\u00e8s attrayant, est \u00e9tanche, robuste et durable. Fabriqu\u00e9 100% en aluminium , il r\u00e9siste aux intemp\u00e9ries, au feu et au vol (ancrage antivol). D\u2019une grande capacit\u00e9, il est facile \u00e0 vider. Il a \u00e9t\u00e9 cr\u00e9\u00e9 pour les villes, les restaurants, les bars, les h\u00f4pitaux, les \u00e9difices gouvernementaux et publics, les parcs et autres endroits publics. Il offre la possibilit\u00e9 de g\u00e9n\u00e9rer des revenus gr\u00e2ce \u00e0 l\u2019affichage de publicit\u00e9s.<\/p>\n<p>Le cendrier urbain I KkwitMC est disponible en plus de 400 couleurs et aussi en version \u00e0 montage mural. De plus, il a \u00e9t\u00e9 fi\u00e8rement cr\u00e9\u00e9 et fabriqu\u00e9 au Qu\u00e9bec.<\/p>\n<p>Sylvain Bourdeau Pr\u00e9sident.<br \/>\n<a href=\"tel:5148237919\">514-823-7919<\/a><br \/>\n<a href=\"sylvain.bourdeau@ikkwit.com\">sylvain.bourdeau\u2009@\u2009ikkwit.com<\/a><\/p>\n<p>I KkwitMC est une marque de commerce de Jer-B-Syl inc.[\/vc_column_text][\/vc_column_inner][\/vc_row_inner][\/vc_column][vc_column column_padding=&#8221;no-extra-padding&#8221; column_padding_position=&#8221;all&#8221; background_color_opacity=&#8221;1&#8243; background_hover_color_opacity=&#8221;1&#8243; column_shadow=&#8221;none&#8221; column_border_radius=&#8221;none&#8221; width=&#8221;1\/2&#8243; tablet_text_alignment=&#8221;default&#8221; phone_text_alignment=&#8221;default&#8221; column_border_width=&#8221;none&#8221; column_border_style=&#8221;solid&#8221;][image_with_animation image_url=&#8221;7096&#8243; alignment=&#8221;center&#8221; animation=&#8221;Fade In&#8221; border_radius=&#8221;none&#8221; box_shadow=&#8221;none&#8221; max_width=&#8221;100%&#8221;][divider line_type=&#8221;No Line&#8221; custom_height=&#8221;15&#8243;][vc_column_text]\n<p style=\"text-align: center;\">&#8221;\u00a0\u00a0<strong><em>\u00a0&#8230;.la ville est encombr\u00e9e de milliards de m\u00e9gots.<\/em><\/strong>\u00a0 &#8221;<br \/>\nG\u00e9rald Tremblay, Maire de Montr\u00e9al<\/p>\n[\/vc_column_text][\/vc_column][\/vc_row]\n","protected":false},"excerpt":{"rendered":"<p>[vc_row type=&#8221;full_width_content&#8221; full_screen_row_position=&#8221;middle&#8221; equal_height=&#8221;yes&#8221; content_placement=&#8221;middle&#8221; bg_color=&#8221;#ffffff&#8221; scene_position=&#8221;center&#8221; text_color=&#8221;dark&#8221; text_align=&#8221;left&#8221; overlay_strength=&#8221;0.3&#8243; shape_divider_position=&#8221;bottom&#8221;][vc_column column_padding=&#8221;padding-5-percent&#8221; column_padding_position=&#8221;all&#8221; background_color=&#8221;#f4f4f4&#8243; background_color_opacity=&#8221;1&#8243; background_hover_color_opacity=&#8221;1&#8243; column_shadow=&#8221;none&#8221; column_border_radius=&#8221;none&#8221; width=&#8221;1\/2&#8243; tablet_text_alignment=&#8221;default&#8221; phone_text_alignment=&#8221;default&#8221; column_border_width=&#8221;none&#8221; column_border_style=&#8221;solid&#8221;][vc_row_inner column_margin=&#8221;default&#8221; text_align=&#8221;left&#8221;][vc_column_inner enable_animation=&#8221;true&#8221; animation=&#8221;fade-in-from-bottom&#8221; column_padding=&#8221;no-extra-padding&#8221; column_padding_position=&#8221;all&#8221; background_color_opacity=&#8221;1&#8243;&#8230;<\/p>\n","protected":false},"author":4,"featured_media":0,"parent":0,"menu_order":0,"comment_status":"closed","ping_status":"closed","template":"","meta":{"_seopress_robots_primary_cat":"","_seopress_titles_title":"","_seopress_titles_desc":"","_seopress_robots_index":"","ngg_post_thumbnail":0,"footnotes":""},"class_list":["post-7662","page","type-page","status-publish"],"_links":{"self":[{"href":"https:\/\/www.ikkwit.com\/en\/wp-json\/wp\/v2\/pages\/7662","targetHints":{"allow":["GET"]}}],"collection":[{"href":"https:\/\/www.ikkwit.com\/en\/wp-json\/wp\/v2\/pages"}],"about":[{"href":"https:\/\/www.ikkwit.com\/en\/wp-json\/wp\/v2\/types\/page"}],"author":[{"embeddable":true,"href":"https:\/\/www.ikkwit.com\/en\/wp-json\/wp\/v2\/users\/4"}],"replies":[{"embeddable":true,"href":"https:\/\/www.ikkwit.com\/en\/wp-json\/wp\/v2\/comments?post=7662"}],"version-history":[{"count":1,"href":"https:\/\/www.ikkwit.com\/en\/wp-json\/wp\/v2\/pages\/7662\/revisions"}],"predecessor-version":[{"id":7663,"href":"https:\/\/www.ikkwit.com\/en\/wp-json\/wp\/v2\/pages\/7662\/revisions\/7663"}],"wp:attachment":[{"href":"https:\/\/www.ikkwit.com\/en\/wp-json\/wp\/v2\/media?parent=7662"}],"curies":[{"name":"wp","href":"https:\/\/api.w.org\/{rel}","templated":true}]}}